{"id":26,"date":"2020-09-16T03:02:29","date_gmt":"2020-09-16T03:02:29","guid":{"rendered":"http:\/\/gestarse.org\/staging\/?page_id=26"},"modified":"2020-10-25T19:28:30","modified_gmt":"2020-10-25T19:28:30","slug":"sostenibilidad","status":"publish","type":"page","link":"https:\/\/gestarse.org\/staging\/que-hacemos\/sostenibilidad\/","title":{"rendered":"Sostenibilidad, Cambio Clim\u00e1tico y Ambiente"},"content":{"rendered":"\t\t<div data-elementor-type=\"wp-page\" data-elementor-id=\"26\" class=\"elementor elementor-26\">\n\t\t\t\t\t\t<section class=\"elementor-section elementor-top-section elementor-element elementor-element-67849aa elementor-section-boxed elementor-section-height-default elementor-section-height-default\" data-id=\"67849aa\" data-element_type=\"section\">\n\t\t\t\t\t\t<div class=\"elementor-container elementor-column-gap-default\">\n\t\t\t\t\t<div class=\"elementor-column elementor-col-100 elementor-top-column elementor-element elementor-element-0c9b006\" data-id=\"0c9b006\" data-element_type=\"column\">\n\t\t\t<div class=\"elementor-widget-wrap elementor-element-populated\">\n\t\t\t\t\t\t<div class=\"elementor-element elementor-element-f2f11f3 elementor-widget elementor-widget-text-editor\" data-id=\"f2f11f3\" data-element_type=\"widget\" data-widget_type=\"text-editor.default\">\n\t\t\t\t<div class=\"elementor-widget-container\">\n\t\t\t\t\t\t\t\t\t<p>Acompa\u00f1amos a las organizaciones con el prop\u00f3sito de que mejoren su desempe\u00f1o econ\u00f3mico, ambiental, social y de gobernanza, que les permita crear valor para la sociedad mediante la satisfacci\u00f3n de las expectativas de gesti\u00f3n, \u00e9ticas, legales y comerciales de bienes y servicios, en relaci\u00f3n con sus distintos grupos de inter\u00e9s.<\/p><p>Algunos de nuestros servicios son:<\/p>\t\t\t\t\t\t\t\t<\/div>\n\t\t\t\t<\/div>\n\t\t\t\t\t<\/div>\n\t\t<\/div>\n\t\t\t\t\t<\/div>\n\t\t<\/section>\n\t\t\t\t<section class=\"elementor-section elementor-top-section elementor-element elementor-element-6c7bc6a elementor-section-boxed elementor-section-height-default elementor-section-height-default\" data-id=\"6c7bc6a\" data-element_type=\"section\">\n\t\t\t\t\t\t<div class=\"elementor-container elementor-column-gap-default\">\n\t\t\t\t\t<div class=\"elementor-column elementor-col-100 elementor-top-column elementor-element elementor-element-5def4ed\" data-id=\"5def4ed\" data-element_type=\"column\">\n\t\t\t<div class=\"elementor-widget-wrap\">\n\t\t\t\t\t\t\t<\/div>\n\t\t<\/div>\n\t\t\t\t\t<\/div>\n\t\t<\/section>\n\t\t\t\t<section class=\"elementor-section elementor-top-section elementor-element elementor-element-4bf9610 elementor-section-boxed elementor-section-height-default elementor-section-height-default\" data-id=\"4bf9610\" data-element_type=\"section\">\n\t\t\t\t\t\t<div class=\"elementor-container elementor-column-gap-default\">\n\t\t\t\t\t<div class=\"elementor-column elementor-col-33 elementor-top-column elementor-element elementor-element-b92906d\" data-id=\"b92906d\" data-element_type=\"column\">\n\t\t\t<div class=\"elementor-widget-wrap elementor-element-populated\">\n\t\t\t\t\t\t<div class=\"elementor-element elementor-element-6dfd362 elementor-widget__width-auto elementor-widget elementor-widget-image\" data-id=\"6dfd362\" data-element_type=\"widget\" data-widget_type=\"image.default\">\n\t\t\t\t<div class=\"elementor-widget-container\">\n\t\t\t\t\t\t\t\t\t\t\t\t\t\t\t<img decoding=\"async\" src=\"https:\/\/gestarse.org\/staging\/wp-content\/uploads\/2020\/09\/shutterstock_1238240-scaled.jpg\" title=\"shutterstock_1238240\" alt=\"shutterstock_1238240\" loading=\"lazy\" \/>\t\t\t\t\t\t\t\t\t\t\t\t\t\t\t<\/div>\n\t\t\t\t<\/div>\n\t\t\t\t\t<\/div>\n\t\t<\/div>\n\t\t\t\t<div class=\"elementor-column elementor-col-66 elementor-top-column elementor-element elementor-element-df574e5\" data-id=\"df574e5\" data-element_type=\"column\">\n\t\t\t<div class=\"elementor-widget-wrap elementor-element-populated\">\n\t\t\t\t\t\t<div class=\"elementor-element elementor-element-b68b943 elementor-widget elementor-widget-text-editor\" data-id=\"b68b943\" data-element_type=\"widget\" data-widget_type=\"text-editor.default\">\n\t\t\t\t<div class=\"elementor-widget-container\">\n\t\t\t\t\t\t\t\t\t<h5 style=\"text-align: center;\"><strong style=\"font-size: 15px;\">Dise\u00f1o, Implementaci\u00f3n y Evaluaci\u00f3n de Estrategias de Sostenibilidad<\/strong><\/h5><ul><li>Dise\u00f1o, implementaci\u00f3n y evaluaci\u00f3n de estrategias de sostenibilidad orientadas a la creaci\u00f3n de valor para la organizaci\u00f3n y la sociedad.<\/li><li>An\u00e1lisis de materialidad en el dise\u00f1o de estrategias de sostenibilidad.<\/li><li>Capacitaci\u00f3n en dise\u00f1o de estrategias de sostenibilidad.<\/li><li>Mapeo y gesti\u00f3n de interesados (stakeholders).<\/li><li>Indicadores de gesti\u00f3n sociales, ambientales y econ\u00f3micos.<\/li><li>Gesti\u00f3n de comunicaci\u00f3n.<\/li><li>Rendici\u00f3n de cuentas.<\/li><\/ul>\t\t\t\t\t\t\t\t<\/div>\n\t\t\t\t<\/div>\n\t\t\t\t\t<\/div>\n\t\t<\/div>\n\t\t\t\t\t<\/div>\n\t\t<\/section>\n\t\t\t\t<section class=\"elementor-section elementor-top-section elementor-element elementor-element-4558ed1 elementor-section-boxed elementor-section-height-default elementor-section-height-default\" data-id=\"4558ed1\" data-element_type=\"section\">\n\t\t\t\t\t\t<div class=\"elementor-container elementor-column-gap-default\">\n\t\t\t\t\t<div class=\"elementor-column elementor-col-100 elementor-top-column elementor-element elementor-element-77b4941\" data-id=\"77b4941\" data-element_type=\"column\">\n\t\t\t<div class=\"elementor-widget-wrap elementor-element-populated\">\n\t\t\t\t\t\t<div class=\"elementor-element elementor-element-ac79773 elementor-widget elementor-widget-spacer\" data-id=\"ac79773\" data-element_type=\"widget\" data-widget_type=\"spacer.default\">\n\t\t\t\t<div class=\"elementor-widget-container\">\n\t\t\t\t\t\t\t<div class=\"elementor-spacer\">\n\t\t\t<div class=\"elementor-spacer-inner\"><\/div>\n\t\t<\/div>\n\t\t\t\t\t\t<\/div>\n\t\t\t\t<\/div>\n\t\t\t\t\t<\/div>\n\t\t<\/div>\n\t\t\t\t\t<\/div>\n\t\t<\/section>\n\t\t\t\t<section class=\"elementor-section elementor-top-section elementor-element elementor-element-dc211b2 elementor-section-boxed elementor-section-height-default elementor-section-height-default\" data-id=\"dc211b2\" data-element_type=\"section\">\n\t\t\t\t\t\t<div class=\"elementor-container elementor-column-gap-default\">\n\t\t\t\t\t<div class=\"elementor-column elementor-col-33 elementor-top-column elementor-element elementor-element-b4b0fb5\" data-id=\"b4b0fb5\" data-element_type=\"column\">\n\t\t\t<div class=\"elementor-widget-wrap elementor-element-populated\">\n\t\t\t\t\t\t<div class=\"elementor-element elementor-element-eb07e8f elementor-widget elementor-widget-image\" data-id=\"eb07e8f\" data-element_type=\"widget\" data-widget_type=\"image.default\">\n\t\t\t\t<div class=\"elementor-widget-container\">\n\t\t\t\t\t\t\t\t\t\t\t\t\t\t\t<img decoding=\"async\" src=\"https:\/\/gestarse.org\/staging\/wp-content\/uploads\/2020\/09\/shutterstock_107947460-scaled.jpg\" title=\"shutterstock_107947460\" alt=\"shutterstock_107947460\" loading=\"lazy\" \/>\t\t\t\t\t\t\t\t\t\t\t\t\t\t\t<\/div>\n\t\t\t\t<\/div>\n\t\t\t\t\t<\/div>\n\t\t<\/div>\n\t\t\t\t<div class=\"elementor-column elementor-col-66 elementor-top-column elementor-element elementor-element-55b42e7\" data-id=\"55b42e7\" data-element_type=\"column\">\n\t\t\t<div class=\"elementor-widget-wrap elementor-element-populated\">\n\t\t\t\t\t\t<div class=\"elementor-element elementor-element-c56b153 elementor-widget elementor-widget-text-editor\" data-id=\"c56b153\" data-element_type=\"widget\" data-widget_type=\"text-editor.default\">\n\t\t\t\t<div class=\"elementor-widget-container\">\n\t\t\t\t\t\t\t\t\t<h5 style=\"text-align: center;\"><strong style=\"font-size: 15px;\">Metodolog\u00edas y Sistemas de Gesti\u00f3n en Sostenibilidad<\/strong><\/h5><ul><li style=\"text-align: left;\">Dise\u00f1o e implementaci\u00f3n de sistemas de gesti\u00f3n en sostenibilidad.<\/li><li style=\"text-align: left;\">Gobernanza y sostenibilidad.<\/li><li style=\"text-align: left;\">Gesti\u00f3n de la cadena de valor.<\/li><li style=\"text-align: left;\">Sistemas de monitoreo, sistematizaci\u00f3n y evaluaci\u00f3n de inversiones en sostenibilidad.<\/li><li style=\"text-align: left;\">Asesor\u00eda en el dise\u00f1o e implementaci\u00f3n de metodolog\u00edas de evaluaci\u00f3n de sostenibilidad.<\/li><\/ul>\t\t\t\t\t\t\t\t<\/div>\n\t\t\t\t<\/div>\n\t\t\t\t\t<\/div>\n\t\t<\/div>\n\t\t\t\t\t<\/div>\n\t\t<\/section>\n\t\t\t\t<section class=\"elementor-section elementor-top-section elementor-element elementor-element-bb5964c elementor-section-boxed elementor-section-height-default elementor-section-height-default\" data-id=\"bb5964c\" data-element_type=\"section\">\n\t\t\t\t\t\t<div class=\"elementor-container elementor-column-gap-default\">\n\t\t\t\t\t<div class=\"elementor-column elementor-col-100 elementor-top-column elementor-element elementor-element-9db3191\" data-id=\"9db3191\" data-element_type=\"column\">\n\t\t\t<div class=\"elementor-widget-wrap elementor-element-populated\">\n\t\t\t\t\t\t<div class=\"elementor-element elementor-element-8458074 elementor-widget elementor-widget-spacer\" data-id=\"8458074\" data-element_type=\"widget\" data-widget_type=\"spacer.default\">\n\t\t\t\t<div class=\"elementor-widget-container\">\n\t\t\t\t\t\t\t<div class=\"elementor-spacer\">\n\t\t\t<div class=\"elementor-spacer-inner\"><\/div>\n\t\t<\/div>\n\t\t\t\t\t\t<\/div>\n\t\t\t\t<\/div>\n\t\t\t\t\t<\/div>\n\t\t<\/div>\n\t\t\t\t\t<\/div>\n\t\t<\/section>\n\t\t\t\t<section class=\"elementor-section elementor-top-section elementor-element elementor-element-7d3b6f8 elementor-section-boxed elementor-section-height-default elementor-section-height-default\" data-id=\"7d3b6f8\" data-element_type=\"section\">\n\t\t\t\t\t\t<div class=\"elementor-container elementor-column-gap-default\">\n\t\t\t\t\t<div class=\"elementor-column elementor-col-33 elementor-top-column elementor-element elementor-element-5d8c35e\" data-id=\"5d8c35e\" data-element_type=\"column\">\n\t\t\t<div class=\"elementor-widget-wrap elementor-element-populated\">\n\t\t\t\t\t\t<div class=\"elementor-element elementor-element-46017ac elementor-widget elementor-widget-image\" data-id=\"46017ac\" data-element_type=\"widget\" data-widget_type=\"image.default\">\n\t\t\t\t<div class=\"elementor-widget-container\">\n\t\t\t\t\t\t\t\t\t\t\t\t\t\t\t<img decoding=\"async\" src=\"https:\/\/gestarse.org\/staging\/wp-content\/uploads\/2020\/09\/shutterstock_19944178-scaled.jpg\" title=\"shutterstock_19944178\" alt=\"shutterstock_19944178\" loading=\"lazy\" \/>\t\t\t\t\t\t\t\t\t\t\t\t\t\t\t<\/div>\n\t\t\t\t<\/div>\n\t\t\t\t\t<\/div>\n\t\t<\/div>\n\t\t\t\t<div class=\"elementor-column elementor-col-66 elementor-top-column elementor-element elementor-element-0338a04\" data-id=\"0338a04\" data-element_type=\"column\">\n\t\t\t<div class=\"elementor-widget-wrap elementor-element-populated\">\n\t\t\t\t\t\t<div class=\"elementor-element elementor-element-be8e183 elementor-widget elementor-widget-text-editor\" data-id=\"be8e183\" data-element_type=\"widget\" data-widget_type=\"text-editor.default\">\n\t\t\t\t<div class=\"elementor-widget-container\">\n\t\t\t\t\t\t\t\t\t<h5 style=\"text-align: center;\"><span style=\"font-size: 15px; font-weight: 600;\">Proyectos de Sostenibilidad<\/span><\/h5><ul><li>Capacitaci\u00f3n en dise\u00f1o de estrategias de sostenibilidad.<\/li><li>Mapeo y gesti\u00f3n de interesados (stakeholders).<\/li><li>Indicadores de gesti\u00f3n sociales, ambientales y econ\u00f3micos.<\/li><li>Gesti\u00f3n de comunicaci\u00f3n.<\/li><li>Rendici\u00f3n de cuentas.<\/li><\/ul>\t\t\t\t\t\t\t\t<\/div>\n\t\t\t\t<\/div>\n\t\t\t\t\t<\/div>\n\t\t<\/div>\n\t\t\t\t\t<\/div>\n\t\t<\/section>\n\t\t\t\t<section class=\"elementor-section elementor-top-section elementor-element elementor-element-d5e1713 elementor-section-boxed elementor-section-height-default elementor-section-height-default\" data-id=\"d5e1713\" data-element_type=\"section\">\n\t\t\t\t\t\t<div class=\"elementor-container elementor-column-gap-default\">\n\t\t\t\t\t<div class=\"elementor-column elementor-col-100 elementor-top-column elementor-element elementor-element-f6b848c\" data-id=\"f6b848c\" data-element_type=\"column\">\n\t\t\t<div class=\"elementor-widget-wrap elementor-element-populated\">\n\t\t\t\t\t\t<div class=\"elementor-element elementor-element-6621348 elementor-widget elementor-widget-spacer\" data-id=\"6621348\" data-element_type=\"widget\" data-widget_type=\"spacer.default\">\n\t\t\t\t<div class=\"elementor-widget-container\">\n\t\t\t\t\t\t\t<div class=\"elementor-spacer\">\n\t\t\t<div class=\"elementor-spacer-inner\"><\/div>\n\t\t<\/div>\n\t\t\t\t\t\t<\/div>\n\t\t\t\t<\/div>\n\t\t\t\t\t<\/div>\n\t\t<\/div>\n\t\t\t\t\t<\/div>\n\t\t<\/section>\n\t\t\t\t<section class=\"elementor-section elementor-top-section elementor-element elementor-element-41a00c1 elementor-section-boxed elementor-section-height-default elementor-section-height-default\" data-id=\"41a00c1\" data-element_type=\"section\">\n\t\t\t\t\t\t<div class=\"elementor-container elementor-column-gap-default\">\n\t\t\t\t\t<div class=\"elementor-column elementor-col-33 elementor-top-column elementor-element elementor-element-3a35056\" data-id=\"3a35056\" data-element_type=\"column\">\n\t\t\t<div class=\"elementor-widget-wrap elementor-element-populated\">\n\t\t\t\t\t\t<div class=\"elementor-element elementor-element-eaf90d1 elementor-widget elementor-widget-image\" data-id=\"eaf90d1\" data-element_type=\"widget\" data-widget_type=\"image.default\">\n\t\t\t\t<div class=\"elementor-widget-container\">\n\t\t\t\t\t\t\t\t\t\t\t\t\t\t\t<img decoding=\"async\" src=\"https:\/\/gestarse.org\/staging\/wp-content\/uploads\/2020\/09\/shutterstock_142601641.jpg\" title=\"shutterstock_142601641\" alt=\"shutterstock_142601641\" loading=\"lazy\" \/>\t\t\t\t\t\t\t\t\t\t\t\t\t\t\t<\/div>\n\t\t\t\t<\/div>\n\t\t\t\t\t<\/div>\n\t\t<\/div>\n\t\t\t\t<div class=\"elementor-column elementor-col-66 elementor-top-column elementor-element elementor-element-d058655\" data-id=\"d058655\" data-element_type=\"column\">\n\t\t\t<div class=\"elementor-widget-wrap elementor-element-populated\">\n\t\t\t\t\t\t<div class=\"elementor-element elementor-element-eeaaddc elementor-widget elementor-widget-text-editor\" data-id=\"eeaaddc\" data-element_type=\"widget\" data-widget_type=\"text-editor.default\">\n\t\t\t\t<div class=\"elementor-widget-container\">\n\t\t\t\t\t\t\t\t\t<h5 style=\"text-align: center;\"><strong style=\"font-size: 15px;\">Cambio Clim\u00e1tico y Ambiente<\/strong><\/h5><ul><li>Asesor\u00eda y capacitaci\u00f3n en huella de carbono y huella de agua organizacional y territorial.<\/li><li>Asesor\u00eda y capacitaci\u00f3n en acciones clim\u00e1ticas de mitigaci\u00f3n de gases de efecto invernadero, adaptaci\u00f3n y resiliencia al cambio clim\u00e1tico de organizaciones y territorios.<\/li><\/ul>\t\t\t\t\t\t\t\t<\/div>\n\t\t\t\t<\/div>\n\t\t\t\t\t<\/div>\n\t\t<\/div>\n\t\t\t\t\t<\/div>\n\t\t<\/section>\n\t\t\t\t<section class=\"elementor-section elementor-top-section elementor-element elementor-element-a5699e6 elementor-section-boxed elementor-section-height-default elementor-section-height-default\" data-id=\"a5699e6\" data-element_type=\"section\">\n\t\t\t\t\t\t<div class=\"elementor-container elementor-column-gap-default\">\n\t\t\t\t\t<div class=\"elementor-column elementor-col-100 elementor-top-column elementor-element elementor-element-5c5b953\" data-id=\"5c5b953\" data-element_type=\"column\">\n\t\t\t<div class=\"elementor-widget-wrap elementor-element-populated\">\n\t\t\t\t\t\t<div class=\"elementor-element elementor-element-2c9347a elementor-widget elementor-widget-spacer\" data-id=\"2c9347a\" data-element_type=\"widget\" data-widget_type=\"spacer.default\">\n\t\t\t\t<div class=\"elementor-widget-container\">\n\t\t\t\t\t\t\t<div class=\"elementor-spacer\">\n\t\t\t<div class=\"elementor-spacer-inner\"><\/div>\n\t\t<\/div>\n\t\t\t\t\t\t<\/div>\n\t\t\t\t<\/div>\n\t\t\t\t\t<\/div>\n\t\t<\/div>\n\t\t\t\t\t<\/div>\n\t\t<\/section>\n\t\t\t\t<section class=\"elementor-section elementor-top-section elementor-element elementor-element-317bd02 elementor-section-boxed elementor-section-height-default elementor-section-height-default\" data-id=\"317bd02\" data-element_type=\"section\">\n\t\t\t\t\t\t<div class=\"elementor-container elementor-column-gap-default\">\n\t\t\t\t\t<div class=\"elementor-column elementor-col-33 elementor-top-column elementor-element elementor-element-e9da9be\" data-id=\"e9da9be\" data-element_type=\"column\">\n\t\t\t<div class=\"elementor-widget-wrap elementor-element-populated\">\n\t\t\t\t\t\t<div class=\"elementor-element elementor-element-397921c elementor-widget elementor-widget-image\" data-id=\"397921c\" data-element_type=\"widget\" data-widget_type=\"image.default\">\n\t\t\t\t<div class=\"elementor-widget-container\">\n\t\t\t\t\t\t\t\t\t\t\t\t\t\t\t<img decoding=\"async\" src=\"https:\/\/gestarse.org\/staging\/wp-content\/uploads\/2020\/09\/shutterstock_244106005-1.jpg\" title=\"shutterstock_244106005\" alt=\"shutterstock_244106005\" loading=\"lazy\" \/>\t\t\t\t\t\t\t\t\t\t\t\t\t\t\t<\/div>\n\t\t\t\t<\/div>\n\t\t\t\t\t<\/div>\n\t\t<\/div>\n\t\t\t\t<div class=\"elementor-column elementor-col-66 elementor-top-column elementor-element elementor-element-d73cc81\" data-id=\"d73cc81\" data-element_type=\"column\">\n\t\t\t<div class=\"elementor-widget-wrap elementor-element-populated\">\n\t\t\t\t\t\t<div class=\"elementor-element elementor-element-e93c3da elementor-widget elementor-widget-text-editor\" data-id=\"e93c3da\" data-element_type=\"widget\" data-widget_type=\"text-editor.default\">\n\t\t\t\t<div class=\"elementor-widget-container\">\n\t\t\t\t\t\t\t\t\t<h5 style=\"text-align: center;\"><strong style=\"font-size: 15px;\">Finanzas Sostenibles<\/strong><\/h5><ul><li>Asesor\u00eda y evaluaci\u00f3n de bonos verdes, bonos sociales y bonos sostenibles.<\/li><li>Dise\u00f1o, implementaci\u00f3n y evaluaci\u00f3n de proyectos verdes, sociales y sostenibles\u00a0en carteras de financiamiento.<\/li><\/ul>\t\t\t\t\t\t\t\t<\/div>\n\t\t\t\t<\/div>\n\t\t\t\t\t<\/div>\n\t\t<\/div>\n\t\t\t\t\t<\/div>\n\t\t<\/section>\n\t\t\t\t<section class=\"elementor-section elementor-top-section elementor-element elementor-element-db2fb89 elementor-section-boxed elementor-section-height-default elementor-section-height-default\" data-id=\"db2fb89\" data-element_type=\"section\">\n\t\t\t\t\t\t<div class=\"elementor-container elementor-column-gap-default\">\n\t\t\t\t\t<div class=\"elementor-column elementor-col-100 elementor-top-column elementor-element elementor-element-c67263e\" data-id=\"c67263e\" data-element_type=\"column\">\n\t\t\t<div class=\"elementor-widget-wrap elementor-element-populated\">\n\t\t\t\t\t\t<div class=\"elementor-element elementor-element-fab987c elementor-widget elementor-widget-spacer\" data-id=\"fab987c\" data-element_type=\"widget\" data-widget_type=\"spacer.default\">\n\t\t\t\t<div class=\"elementor-widget-container\">\n\t\t\t\t\t\t\t<div class=\"elementor-spacer\">\n\t\t\t<div class=\"elementor-spacer-inner\"><\/div>\n\t\t<\/div>\n\t\t\t\t\t\t<\/div>\n\t\t\t\t<\/div>\n\t\t\t\t\t<\/div>\n\t\t<\/div>\n\t\t\t\t\t<\/div>\n\t\t<\/section>\n\t\t\t\t<\/div>\n\t\t","protected":false},"excerpt":{"rendered":"<p>Acompa\u00f1amos a las organizaciones con el prop\u00f3sito de que mejoren su desempe\u00f1o econ\u00f3mico, ambiental, social y de gobernanza, que les permita crear valor para la sociedad mediante la satisfacci\u00f3n de las expectativas de gesti\u00f3n, \u00e9ticas, legales y comerciales de bienes y servicios, en relaci\u00f3n con sus distintos grupos de inter\u00e9s. Algunos de nuestros servicios son: [&hellip;]<\/p>\n","protected":false},"author":1,"featured_media":0,"parent":117,"menu_order":-1,"comment_status":"closed","ping_status":"closed","template":"","meta":{"ocean_post_layout":"full-width","ocean_both_sidebars_style":"","ocean_both_sidebars_content_width":0,"ocean_both_sidebars_sidebars_width":0,"ocean_sidebar":"0","ocean_second_sidebar":"0","ocean_disable_margins":"enable","ocean_add_body_class":"","ocean_shortcode_before_top_bar":"","ocean_shortcode_after_top_bar":"","ocean_shortcode_before_header":"","ocean_shortcode_after_header":"","ocean_has_shortcode":"","ocean_shortcode_after_title":"","ocean_shortcode_before_footer_widgets":"","ocean_shortcode_after_footer_widgets":"","ocean_shortcode_before_footer_bottom":"","ocean_shortcode_after_footer_bottom":"","ocean_display_top_bar":"default","ocean_display_header":"default","ocean_header_style":"","ocean_center_header_left_menu":"0","ocean_custom_header_template":"0","ocean_custom_logo":0,"ocean_custom_retina_logo":0,"ocean_custom_logo_max_width":0,"ocean_custom_logo_tablet_max_width":0,"ocean_custom_logo_mobile_max_width":0,"ocean_custom_logo_max_height":0,"ocean_custom_logo_tablet_max_height":0,"ocean_custom_logo_mobile_max_height":0,"ocean_header_custom_menu":"0","ocean_menu_typo_font_family":"0","ocean_menu_typo_font_subset":"","ocean_menu_typo_font_size":0,"ocean_menu_typo_font_size_tablet":0,"ocean_menu_typo_font_size_mobile":0,"ocean_menu_typo_font_size_unit":"px","ocean_menu_typo_font_weight":"","ocean_menu_typo_font_weight_tablet":"","ocean_menu_typo_font_weight_mobile":"","ocean_menu_typo_transform":"","ocean_menu_typo_transform_tablet":"","ocean_menu_typo_transform_mobile":"","ocean_menu_typo_line_height":0,"ocean_menu_typo_line_height_tablet":0,"ocean_menu_typo_line_height_mobile":0,"ocean_menu_typo_line_height_unit":"","ocean_menu_typo_spacing":0,"ocean_menu_typo_spacing_tablet":0,"ocean_menu_typo_spacing_mobile":0,"ocean_menu_typo_spacing_unit":"","ocean_menu_link_color":"","ocean_menu_link_color_hover":"","ocean_menu_link_color_active":"","ocean_menu_link_background":"","ocean_menu_link_hover_background":"","ocean_menu_link_active_background":"","ocean_menu_social_links_bg":"","ocean_menu_social_hover_links_bg":"","ocean_menu_social_links_color":"","ocean_menu_social_hover_links_color":"","ocean_disable_title":"enable","ocean_disable_heading":"default","ocean_post_title":"","ocean_post_subheading":"","ocean_post_title_style":"","ocean_post_title_background_color":"","ocean_post_title_background":0,"ocean_post_title_bg_image_position":"","ocean_post_title_bg_image_attachment":"","ocean_post_title_bg_image_repeat":"","ocean_post_title_bg_image_size":"","ocean_post_title_height":0,"ocean_post_title_bg_overlay":0.5,"ocean_post_title_bg_overlay_color":"","ocean_disable_breadcrumbs":"default","ocean_breadcrumbs_color":"","ocean_breadcrumbs_separator_color":"","ocean_breadcrumbs_links_color":"","ocean_breadcrumbs_links_hover_color":"","ocean_display_footer_widgets":"default","ocean_display_footer_bottom":"default","ocean_custom_footer_template":"0","footnotes":""},"class_list":["post-26","page","type-page","status-publish","hentry","entry"],"_links":{"self":[{"href":"https:\/\/gestarse.org\/staging\/wp-json\/wp\/v2\/pages\/26","targetHints":{"allow":["GET"]}}],"collection":[{"href":"https:\/\/gestarse.org\/staging\/wp-json\/wp\/v2\/pages"}],"about":[{"href":"https:\/\/gestarse.org\/staging\/wp-json\/wp\/v2\/types\/page"}],"author":[{"embeddable":true,"href":"https:\/\/gestarse.org\/staging\/wp-json\/wp\/v2\/users\/1"}],"replies":[{"embeddable":true,"href":"https:\/\/gestarse.org\/staging\/wp-json\/wp\/v2\/comments?post=26"}],"version-history":[{"count":51,"href":"https:\/\/gestarse.org\/staging\/wp-json\/wp\/v2\/pages\/26\/revisions"}],"predecessor-version":[{"id":673,"href":"https:\/\/gestarse.org\/staging\/wp-json\/wp\/v2\/pages\/26\/revisions\/673"}],"up":[{"embeddable":true,"href":"https:\/\/gestarse.org\/staging\/wp-json\/wp\/v2\/pages\/117"}],"wp:attachment":[{"href":"https:\/\/gestarse.org\/staging\/wp-json\/wp\/v2\/media?parent=26"}],"curies":[{"name":"wp","href":"https:\/\/api.w.org\/{rel}","templated":true}]}}