{"id":696,"date":"2020-10-25T20:36:32","date_gmt":"2020-10-25T20:36:32","guid":{"rendered":"http:\/\/gestarse.org\/staging\/?page_id=696"},"modified":"2020-11-10T01:00:28","modified_gmt":"2020-11-10T01:00:28","slug":"proyectos","status":"publish","type":"page","link":"https:\/\/gestarse.org\/staging\/que-hacemos\/proyectos\/","title":{"rendered":"Proyectos"},"content":{"rendered":"\t\t<div data-elementor-type=\"wp-page\" data-elementor-id=\"696\" class=\"elementor elementor-696\">\n\t\t\t\t\t\t<section class=\"elementor-section elementor-top-section elementor-element elementor-element-6c7bc6a elementor-section-boxed elementor-section-height-default elementor-section-height-default\" data-id=\"6c7bc6a\" data-element_type=\"section\">\n\t\t\t\t\t\t<div class=\"elementor-container elementor-column-gap-default\">\n\t\t\t\t\t<div class=\"elementor-column elementor-col-100 elementor-top-column elementor-element elementor-element-5def4ed\" data-id=\"5def4ed\" data-element_type=\"column\">\n\t\t\t<div class=\"elementor-widget-wrap elementor-element-populated\">\n\t\t\t\t\t\t<div class=\"elementor-element elementor-element-312394b elementor-widget elementor-widget-text-editor\" data-id=\"312394b\" data-element_type=\"widget\" data-widget_type=\"text-editor.default\">\n\t\t\t\t<div class=\"elementor-widget-container\">\n\t\t\t\t\t\t\t\t\t<p>Algunos ejemplos de proyectos por \u00e1reas de especialidad:<\/p>\t\t\t\t\t\t\t\t<\/div>\n\t\t\t\t<\/div>\n\t\t\t\t\t<\/div>\n\t\t<\/div>\n\t\t\t\t\t<\/div>\n\t\t<\/section>\n\t\t\t\t<section class=\"elementor-section elementor-top-section elementor-element elementor-element-87db07b elementor-section-boxed elementor-section-height-default elementor-section-height-default\" data-id=\"87db07b\" data-element_type=\"section\">\n\t\t\t\t\t\t<div class=\"elementor-container elementor-column-gap-default\">\n\t\t\t\t\t<div class=\"elementor-column elementor-col-100 elementor-top-column elementor-element elementor-element-4d0242f\" data-id=\"4d0242f\" data-element_type=\"column\">\n\t\t\t<div class=\"elementor-widget-wrap\">\n\t\t\t\t\t\t\t<\/div>\n\t\t<\/div>\n\t\t\t\t\t<\/div>\n\t\t<\/section>\n\t\t\t\t<section class=\"elementor-section elementor-top-section elementor-element elementor-element-3a5661a elementor-section-boxed elementor-section-height-default elementor-section-height-default\" data-id=\"3a5661a\" data-element_type=\"section\">\n\t\t\t\t\t\t<div class=\"elementor-container elementor-column-gap-default\">\n\t\t\t\t\t<div class=\"elementor-column elementor-col-100 elementor-top-column elementor-element elementor-element-a79240f\" data-id=\"a79240f\" data-element_type=\"column\">\n\t\t\t<div class=\"elementor-widget-wrap elementor-element-populated\">\n\t\t\t\t\t\t<div class=\"elementor-element elementor-element-676d0ff ekit-equal-height-disable elementor-widget elementor-widget-elementskit-image-box\" data-id=\"676d0ff\" data-element_type=\"widget\" data-widget_type=\"elementskit-image-box.default\">\n\t\t\t\t<div class=\"elementor-widget-container\">\n\t\t\t\t\t<div class=\"ekit-wid-con\" >\n            <div class=\"elementskit-info-image-box ekit-image-box text-center style-modern\" >\n\n                \n                <div class=\"elementskit-box-header image-box-img-center\">\n\n                    <img fetchpriority=\"high\" decoding=\"async\" width=\"768\" height=\"512\" src=\"https:\/\/gestarse.org\/staging\/wp-content\/uploads\/2020\/10\/shutterstock_74066206-768x512.jpg\" class=\"attachment-medium_large size-medium_large wp-image-719\" alt=\"\" srcset=\"https:\/\/gestarse.org\/staging\/wp-content\/uploads\/2020\/10\/shutterstock_74066206-768x512.jpg 768w, https:\/\/gestarse.org\/staging\/wp-content\/uploads\/2020\/10\/shutterstock_74066206-300x200.jpg 300w, https:\/\/gestarse.org\/staging\/wp-content\/uploads\/2020\/10\/shutterstock_74066206-1024x682.jpg 1024w, https:\/\/gestarse.org\/staging\/wp-content\/uploads\/2020\/10\/shutterstock_74066206-1536x1024.jpg 1536w, https:\/\/gestarse.org\/staging\/wp-content\/uploads\/2020\/10\/shutterstock_74066206-2048x1365.jpg 2048w\" sizes=\"(max-width: 768px) 100vw, 768px\" \/>\n                <\/div>\n                \n                <div class=\"elementskit-box-body ekit-image-box-body\">\n                    <div class=\"elementskit-box-content ekit-image-box-body-inner\">\n                                                <h3 class=\"elementskit-info-box-title\">\n\n                        Sostenibilidad, Cambio Clim\u00e1tico y Ambiente\n                        \n                    <\/h3>\n                                                        <\/div>\n\n                            <\/div>\n            <\/div>\n    <\/div>\t\t\t\t<\/div>\n\t\t\t\t<\/div>\n\t\t\t\t<div class=\"elementor-element elementor-element-394b32d elementor-widget elementor-widget-text-editor\" data-id=\"394b32d\" data-element_type=\"widget\" data-widget_type=\"text-editor.default\">\n\t\t\t\t<div class=\"elementor-widget-container\">\n\t\t\t\t\t\t\t\t\t<ul><li>Elaboraci\u00f3n del sistema de indicadores para el monitoreo y seguimiento del Programa Pa\u00eds de Carbono Neutralidad (PPCN), categor\u00edas organizacional y cantonal. DCC\/MINAE \u2013 GIZ.<\/li><li>Dise\u00f1o de las Notas Conceptuales de las NAMAs de los cultivos de arroz y mus\u00e1ceas contempladas en el Plan Nacional de Descarbonizaci\u00f3n de Costa Rica. MAG\/BID.<\/li><li>Diagn\u00f3stico del marco normativo e institucional que regula las actividades del sector agropecuario (arroz, mus\u00e1ceas, ca\u00f1a de az\u00facar, caf\u00e9 y ganader\u00eda) incluidas en los Ejes Nos.8 y 9 del Plan Nacional de Descarbonizaci\u00f3n de Costa Rica\u201d, y del \u201cDiagn\u00f3stico del marco legal, dise\u00f1o e implementaci\u00f3n de Soluciones Basadas en la Naturaleza (SBN) en Costa Rica. MAG\/BID.<\/li><li>Lineamientos para el dise\u00f1o e implementaci\u00f3n de la estrategia de producci\u00f3n de mus\u00e1ceas bajas en carbono, resilientes y adaptadas al clima para Costa Rica. BID, MAG, DCC\/MINAE.<\/li><li>Mapeo de productores agropecuarios de Costa Rica, para la inclusi\u00f3n en las cadenas de valor mediante pr\u00e1cticas de mitigaci\u00f3n, resiliencia y adaptaci\u00f3n al clima. BID INVEST.<\/li><li>Dise\u00f1o de las \u201cMetodolog\u00edas de Calificaci\u00f3n de Bonos Verdes, Bonos Sociales y Bonos Sostenibles\u201d y de \u201cEvaluaci\u00f3n de Responsabilidad Social\u201d. Sociedad Calificadora de Riesgo Centroamericana S.A. (SCRIESGO).<\/li><li>Capacitaci\u00f3n y asesor\u00eda t\u00e9cnica en Sostenibilidad y Responsabilidad Social a m\u00e1s de 250 MIPYMES participantes del \u201cProyecto AL-Invest 5.0: Un crecimiento integrador para la cohesi\u00f3n social en Am\u00e9rica Latina\u201d. Ejecutado para la C\u00e1mara de Comercio de Costa Rica, con fondos de la Comisi\u00f3n Europea.<\/li><li>Dise\u00f1o de la \u201cGu\u00eda metodol\u00f3gica para la huella de carbono y la huella de agua en la producci\u00f3n bananera\u201d. Foro Mundial Bananero\/FAO (Roma) y GIZ.<\/li><li>Desarrollo de mecanismos financieros de \u201cpr\u00e9stamos verdes\u201d para PYMES. Banco LAFISE Bancentro, Nicaragua.<\/li><li>Gesti\u00f3n de huella de carbono y huella de agua en todas las operaciones de Chiquita Brands en Norteam\u00e9rica, Am\u00e9rica Latina y Europa.<\/li><li>Soporte t\u00e9cnico, facilitaci\u00f3n y dise\u00f1o del Sistema de Gesti\u00f3n Ambiental basado en la ISO 14001:2004 de la operaci\u00f3n de la empresa naviera Great White Fleet (GWF). Certificado por SAI GLOBAL.<\/li><li>Creaci\u00f3n de la hoja de ruta para el desarrollo de una pol\u00edtica de protecci\u00f3n de la biodiversidad y la definici\u00f3n de la institucionalidad necesaria para la gesti\u00f3n de los procesos para su establecimiento en Rwanda, \u00c1frica.<\/li><li>Definici\u00f3n de proyectos de inversi\u00f3n social en comunidades localizadas en la zona de influencia de la planta de cemento de CEMEX en Costa Rica.<\/li><li>Desarrollo de Indicadores de Sostenibilidad para la Cadena de Proveedores y mecanismo de evaluaci\u00f3n de la embotelladora Coca Cola en M\u00e9xico. Contrato con DESUS.<\/li><li>Revisi\u00f3n t\u00e9cnica del dise\u00f1o de planta de recirculaci\u00f3n de agua de una empacadora de banano. FYFFES.<\/li><\/ul>\t\t\t\t\t\t\t\t<\/div>\n\t\t\t\t<\/div>\n\t\t\t\t\t<\/div>\n\t\t<\/div>\n\t\t\t\t\t<\/div>\n\t\t<\/section>\n\t\t\t\t<section class=\"elementor-section elementor-top-section elementor-element elementor-element-1a0ae22 elementor-section-boxed elementor-section-height-default elementor-section-height-default\" data-id=\"1a0ae22\" data-element_type=\"section\">\n\t\t\t\t\t\t<div class=\"elementor-container elementor-column-gap-default\">\n\t\t\t\t\t<div class=\"elementor-column elementor-col-100 elementor-top-column elementor-element elementor-element-9f87097\" data-id=\"9f87097\" data-element_type=\"column\">\n\t\t\t<div class=\"elementor-widget-wrap elementor-element-populated\">\n\t\t\t\t\t\t<div class=\"elementor-element elementor-element-e68ba79 elementor-widget elementor-widget-spacer\" data-id=\"e68ba79\" data-element_type=\"widget\" data-widget_type=\"spacer.default\">\n\t\t\t\t<div class=\"elementor-widget-container\">\n\t\t\t\t\t\t\t<div class=\"elementor-spacer\">\n\t\t\t<div class=\"elementor-spacer-inner\"><\/div>\n\t\t<\/div>\n\t\t\t\t\t\t<\/div>\n\t\t\t\t<\/div>\n\t\t\t\t\t<\/div>\n\t\t<\/div>\n\t\t\t\t\t<\/div>\n\t\t<\/section>\n\t\t\t\t<section class=\"elementor-section elementor-top-section elementor-element elementor-element-ac836df elementor-section-boxed elementor-section-height-default elementor-section-height-default\" data-id=\"ac836df\" data-element_type=\"section\">\n\t\t\t\t\t\t<div class=\"elementor-container elementor-column-gap-default\">\n\t\t\t\t\t<div class=\"elementor-column elementor-col-100 elementor-top-column elementor-element elementor-element-939379e\" data-id=\"939379e\" data-element_type=\"column\">\n\t\t\t<div class=\"elementor-widget-wrap elementor-element-populated\">\n\t\t\t\t\t\t<div class=\"elementor-element elementor-element-a732ff3 ekit-equal-height-disable elementor-widget elementor-widget-elementskit-image-box\" data-id=\"a732ff3\" data-element_type=\"widget\" data-widget_type=\"elementskit-image-box.default\">\n\t\t\t\t<div class=\"elementor-widget-container\">\n\t\t\t\t\t<div class=\"ekit-wid-con\" >\n            <div class=\"elementskit-info-image-box ekit-image-box text-center style-modern\" >\n\n                \n                <div class=\"elementskit-box-header image-box-img-center\">\n\n                    <img decoding=\"async\" width=\"768\" height=\"512\" src=\"https:\/\/gestarse.org\/staging\/wp-content\/uploads\/2020\/10\/shutterstock_430168801-768x512.jpg\" class=\"attachment-medium_large size-medium_large wp-image-727\" alt=\"\" srcset=\"https:\/\/gestarse.org\/staging\/wp-content\/uploads\/2020\/10\/shutterstock_430168801-768x512.jpg 768w, https:\/\/gestarse.org\/staging\/wp-content\/uploads\/2020\/10\/shutterstock_430168801-300x200.jpg 300w, https:\/\/gestarse.org\/staging\/wp-content\/uploads\/2020\/10\/shutterstock_430168801-1024x683.jpg 1024w, https:\/\/gestarse.org\/staging\/wp-content\/uploads\/2020\/10\/shutterstock_430168801-1536x1024.jpg 1536w, https:\/\/gestarse.org\/staging\/wp-content\/uploads\/2020\/10\/shutterstock_430168801-2048x1366.jpg 2048w\" sizes=\"(max-width: 768px) 100vw, 768px\" \/>\n                <\/div>\n                \n                <div class=\"elementskit-box-body ekit-image-box-body\">\n                    <div class=\"elementskit-box-content ekit-image-box-body-inner\">\n                                                <h3 class=\"elementskit-info-box-title\">\n\n                        Recursos Humanos y Desarrollo Organizacional\n                        \n                    <\/h3>\n                                                        <\/div>\n\n                            <\/div>\n            <\/div>\n    <\/div>\t\t\t\t<\/div>\n\t\t\t\t<\/div>\n\t\t\t\t<div class=\"elementor-element elementor-element-aa13adc elementor-widget elementor-widget-text-editor\" data-id=\"aa13adc\" data-element_type=\"widget\" data-widget_type=\"text-editor.default\">\n\t\t\t\t<div class=\"elementor-widget-container\">\n\t\t\t\t\t\t\t\t\t<ul><li>Organizaci\u00f3n de Empleo Profesional (PEO) de BSR (San Francisco, CA), responsable de los proyectos de Competitividad Laboral y Desarrollo Empresarial en Centroam\u00e9rica, M\u00e9xico y Rep\u00fablica Dominicana.<\/li><li>Gesti\u00f3n del Desempe\u00f1o por Competencias del Laboratorio Cl\u00ednico de la Universidad de Costa Rica.<\/li><li>Desarrollo del plan estrat\u00e9gico y fortalecimiento de su Consejo Asesor de la Oficina de Bienestar y Salud de la Universidad de Costa Rica<\/li><li>Elaboraci\u00f3n del Plan Estrat\u00e9gico para el Colegio de Profesionales en Psicolog\u00eda de Costa Rica, con gesti\u00f3n por competencias e indicadores de gesti\u00f3n.<\/li><li>Desarrollo del Plan Estrat\u00e9gico de la Liga Agroindustrial de la Ca\u00f1a de Az\u00facar (LAICA).<\/li><\/ul>\t\t\t\t\t\t\t\t<\/div>\n\t\t\t\t<\/div>\n\t\t\t\t\t<\/div>\n\t\t<\/div>\n\t\t\t\t\t<\/div>\n\t\t<\/section>\n\t\t\t\t<section class=\"elementor-section elementor-top-section elementor-element elementor-element-63935be elementor-section-boxed elementor-section-height-default elementor-section-height-default\" data-id=\"63935be\" data-element_type=\"section\">\n\t\t\t\t\t\t<div class=\"elementor-container elementor-column-gap-default\">\n\t\t\t\t\t<div class=\"elementor-column elementor-col-100 elementor-top-column elementor-element elementor-element-beeaaa7\" data-id=\"beeaaa7\" data-element_type=\"column\">\n\t\t\t<div class=\"elementor-widget-wrap elementor-element-populated\">\n\t\t\t\t\t\t<div class=\"elementor-element elementor-element-378bc2e elementor-widget elementor-widget-spacer\" data-id=\"378bc2e\" data-element_type=\"widget\" data-widget_type=\"spacer.default\">\n\t\t\t\t<div class=\"elementor-widget-container\">\n\t\t\t\t\t\t\t<div class=\"elementor-spacer\">\n\t\t\t<div class=\"elementor-spacer-inner\"><\/div>\n\t\t<\/div>\n\t\t\t\t\t\t<\/div>\n\t\t\t\t<\/div>\n\t\t\t\t\t<\/div>\n\t\t<\/div>\n\t\t\t\t\t<\/div>\n\t\t<\/section>\n\t\t\t\t<section class=\"elementor-section elementor-top-section elementor-element elementor-element-50fbd07 elementor-section-boxed elementor-section-height-default elementor-section-height-default\" data-id=\"50fbd07\" data-element_type=\"section\">\n\t\t\t\t\t\t<div class=\"elementor-container elementor-column-gap-default\">\n\t\t\t\t\t<div class=\"elementor-column elementor-col-100 elementor-top-column elementor-element elementor-element-c15e891\" data-id=\"c15e891\" data-element_type=\"column\">\n\t\t\t<div class=\"elementor-widget-wrap elementor-element-populated\">\n\t\t\t\t\t\t<div class=\"elementor-element elementor-element-91788c0 ekit-equal-height-disable elementor-widget elementor-widget-elementskit-image-box\" data-id=\"91788c0\" data-element_type=\"widget\" data-widget_type=\"elementskit-image-box.default\">\n\t\t\t\t<div class=\"elementor-widget-container\">\n\t\t\t\t\t<div class=\"ekit-wid-con\" >\n            <div class=\"elementskit-info-image-box ekit-image-box text-center style-modern\" >\n\n                \n                <div class=\"elementskit-box-header image-box-img-center\">\n\n                    <img decoding=\"async\" width=\"768\" height=\"512\" src=\"https:\/\/gestarse.org\/staging\/wp-content\/uploads\/2020\/09\/shutterstock_107947460-768x512.jpg\" class=\"attachment-medium_large size-medium_large wp-image-366\" alt=\"\" srcset=\"https:\/\/gestarse.org\/staging\/wp-content\/uploads\/2020\/09\/shutterstock_107947460-768x512.jpg 768w, https:\/\/gestarse.org\/staging\/wp-content\/uploads\/2020\/09\/shutterstock_107947460-300x200.jpg 300w, https:\/\/gestarse.org\/staging\/wp-content\/uploads\/2020\/09\/shutterstock_107947460-1024x683.jpg 1024w, https:\/\/gestarse.org\/staging\/wp-content\/uploads\/2020\/09\/shutterstock_107947460-1536x1024.jpg 1536w, https:\/\/gestarse.org\/staging\/wp-content\/uploads\/2020\/09\/shutterstock_107947460-2048x1365.jpg 2048w\" sizes=\"(max-width: 768px) 100vw, 768px\" \/>\n                <\/div>\n                \n                <div class=\"elementskit-box-body ekit-image-box-body\">\n                    <div class=\"elementskit-box-content ekit-image-box-body-inner\">\n                                                <h3 class=\"elementskit-info-box-title\">\n\n                        Cumplimiento de Normas, Pol\u00edticas y Certificaciones\n                        \n                    <\/h3>\n                                                        <\/div>\n\n                            <\/div>\n            <\/div>\n    <\/div>\t\t\t\t<\/div>\n\t\t\t\t<\/div>\n\t\t\t\t<div class=\"elementor-element elementor-element-2b7a0cf elementor-widget elementor-widget-text-editor\" data-id=\"2b7a0cf\" data-element_type=\"widget\" data-widget_type=\"text-editor.default\">\n\t\t\t\t<div class=\"elementor-widget-container\">\n\t\t\t\t\t\t\t\t\t<ul><li>Evaluaci\u00f3n del cumplimiento de las normas por los proveedores de fruta de Chiquita Brands en Am\u00e9rica Latina.<\/li><li>Gesti\u00f3n, monitoreo y control de certificaciones sociales y ambientales en las operaciones de producci\u00f3n y empaque de Chiquita Brands en Am\u00e9rica Latina.<\/li><li>Evaluaci\u00f3n de Impacto Social para la Compa\u00f1\u00eda Guatemalteca de N\u00edquel (CGN) en Izabal, Guatemala, aplicando est\u00e1ndares reconocidos internacionalmente (WBCSD\/IFC). Contrato con Estrategias Sostenibles de Guatemala.<\/li><\/ul>\t\t\t\t\t\t\t\t<\/div>\n\t\t\t\t<\/div>\n\t\t\t\t\t<\/div>\n\t\t<\/div>\n\t\t\t\t\t<\/div>\n\t\t<\/section>\n\t\t\t\t<\/div>\n\t\t","protected":false},"excerpt":{"rendered":"<p>Algunos ejemplos de proyectos por \u00e1reas de especialidad: Sostenibilidad, Cambio Clim\u00e1tico y Ambiente Elaboraci\u00f3n del sistema de indicadores para el monitoreo y seguimiento del Programa Pa\u00eds de Carbono Neutralidad (PPCN), categor\u00edas organizacional y cantonal. DCC\/MINAE \u2013 GIZ. Dise\u00f1o de las Notas Conceptuales de las NAMAs de los cultivos de arroz y mus\u00e1ceas contempladas en el [&hellip;]<\/p>\n","protected":false},"author":1,"featured_media":0,"parent":117,"menu_order":-1,"comment_status":"closed","ping_status":"closed","template":"","meta":{"ocean_post_layout":"full-width","ocean_both_sidebars_style":"","ocean_both_sidebars_content_width":0,"ocean_both_sidebars_sidebars_width":0,"ocean_sidebar":"0","ocean_second_sidebar":"0","ocean_disable_margins":"enable","ocean_add_body_class":"","ocean_shortcode_before_top_bar":"","ocean_shortcode_after_top_bar":"","ocean_shortcode_before_header":"","ocean_shortcode_after_header":"","ocean_has_shortcode":"","ocean_shortcode_after_title":"","ocean_shortcode_before_footer_widgets":"","ocean_shortcode_after_footer_widgets":"","ocean_shortcode_before_footer_bottom":"","ocean_shortcode_after_footer_bottom":"","ocean_display_top_bar":"default","ocean_display_header":"default","ocean_header_style":"","ocean_center_header_left_menu":"0","ocean_custom_header_template":"0","ocean_custom_logo":0,"ocean_custom_retina_logo":0,"ocean_custom_logo_max_width":0,"ocean_custom_logo_tablet_max_width":0,"ocean_custom_logo_mobile_max_width":0,"ocean_custom_logo_max_height":0,"ocean_custom_logo_tablet_max_height":0,"ocean_custom_logo_mobile_max_height":0,"ocean_header_custom_menu":"0","ocean_menu_typo_font_family":"0","ocean_menu_typo_font_subset":"","ocean_menu_typo_font_size":0,"ocean_menu_typo_font_size_tablet":0,"ocean_menu_typo_font_size_mobile":0,"ocean_menu_typo_font_size_unit":"px","ocean_menu_typo_font_weight":"","ocean_menu_typo_font_weight_tablet":"","ocean_menu_typo_font_weight_mobile":"","ocean_menu_typo_transform":"","ocean_menu_typo_transform_tablet":"","ocean_menu_typo_transform_mobile":"","ocean_menu_typo_line_height":0,"ocean_menu_typo_line_height_tablet":0,"ocean_menu_typo_line_height_mobile":0,"ocean_menu_typo_line_height_unit":"","ocean_menu_typo_spacing":0,"ocean_menu_typo_spacing_tablet":0,"ocean_menu_typo_spacing_mobile":0,"ocean_menu_typo_spacing_unit":"","ocean_menu_link_color":"","ocean_menu_link_color_hover":"","ocean_menu_link_color_active":"","ocean_menu_link_background":"","ocean_menu_link_hover_background":"","ocean_menu_link_active_background":"","ocean_menu_social_links_bg":"","ocean_menu_social_hover_links_bg":"","ocean_menu_social_links_color":"","ocean_menu_social_hover_links_color":"","ocean_disable_title":"enable","ocean_disable_heading":"default","ocean_post_title":"","ocean_post_subheading":"","ocean_post_title_style":"","ocean_post_title_background_color":"","ocean_post_title_background":0,"ocean_post_title_bg_image_position":"","ocean_post_title_bg_image_attachment":"","ocean_post_title_bg_image_repeat":"","ocean_post_title_bg_image_size":"","ocean_post_title_height":0,"ocean_post_title_bg_overlay":0.5,"ocean_post_title_bg_overlay_color":"","ocean_disable_breadcrumbs":"default","ocean_breadcrumbs_color":"","ocean_breadcrumbs_separator_color":"","ocean_breadcrumbs_links_color":"","ocean_breadcrumbs_links_hover_color":"","ocean_display_footer_widgets":"default","ocean_display_footer_bottom":"default","ocean_custom_footer_template":"0","footnotes":""},"class_list":["post-696","page","type-page","status-publish","hentry","entry"],"_links":{"self":[{"href":"https:\/\/gestarse.org\/staging\/wp-json\/wp\/v2\/pages\/696","targetHints":{"allow":["GET"]}}],"collection":[{"href":"https:\/\/gestarse.org\/staging\/wp-json\/wp\/v2\/pages"}],"about":[{"href":"https:\/\/gestarse.org\/staging\/wp-json\/wp\/v2\/types\/page"}],"author":[{"embeddable":true,"href":"https:\/\/gestarse.org\/staging\/wp-json\/wp\/v2\/users\/1"}],"replies":[{"embeddable":true,"href":"https:\/\/gestarse.org\/staging\/wp-json\/wp\/v2\/comments?post=696"}],"version-history":[{"count":16,"href":"https:\/\/gestarse.org\/staging\/wp-json\/wp\/v2\/pages\/696\/revisions"}],"predecessor-version":[{"id":796,"href":"https:\/\/gestarse.org\/staging\/wp-json\/wp\/v2\/pages\/696\/revisions\/796"}],"up":[{"embeddable":true,"href":"https:\/\/gestarse.org\/staging\/wp-json\/wp\/v2\/pages\/117"}],"wp:attachment":[{"href":"https:\/\/gestarse.org\/staging\/wp-json\/wp\/v2\/media?parent=696"}],"curies":[{"name":"wp","href":"https:\/\/api.w.org\/{rel}","templated":true}]}}