{"id":698,"date":"2020-10-25T20:38:04","date_gmt":"2020-10-25T20:38:04","guid":{"rendered":"http:\/\/gestarse.org\/staging\/?page_id=698"},"modified":"2020-11-10T01:14:06","modified_gmt":"2020-11-10T01:14:06","slug":"clientes","status":"publish","type":"page","link":"https:\/\/gestarse.org\/staging\/que-hacemos\/clientes\/","title":{"rendered":"Clientes"},"content":{"rendered":"\t\t<div data-elementor-type=\"wp-page\" data-elementor-id=\"698\" class=\"elementor elementor-698\">\n\t\t\t\t\t\t<section class=\"elementor-section elementor-top-section elementor-element elementor-element-67849aa elementor-section-boxed elementor-section-height-default elementor-section-height-default\" data-id=\"67849aa\" data-element_type=\"section\">\n\t\t\t\t\t\t<div class=\"elementor-container elementor-column-gap-default\">\n\t\t\t\t\t<div class=\"elementor-column elementor-col-100 elementor-top-column elementor-element elementor-element-0c9b006\" data-id=\"0c9b006\" data-element_type=\"column\">\n\t\t\t<div class=\"elementor-widget-wrap elementor-element-populated\">\n\t\t\t\t\t\t<div class=\"elementor-element elementor-element-f2f11f3 elementor-widget elementor-widget-text-editor\" data-id=\"f2f11f3\" data-element_type=\"widget\" data-widget_type=\"text-editor.default\">\n\t\t\t\t<div class=\"elementor-widget-container\">\n\t\t\t\t\t\t\t\t\t<p><span style=\"font-size: 14px; color: var( --e-global-color-text );\">Algunos de nuestros clientes son:<\/span><\/p>\t\t\t\t\t\t\t\t<\/div>\n\t\t\t\t<\/div>\n\t\t\t\t\t<\/div>\n\t\t<\/div>\n\t\t\t\t\t<\/div>\n\t\t<\/section>\n\t\t\t\t<section class=\"elementor-section elementor-top-section elementor-element elementor-element-6c7bc6a elementor-section-boxed elementor-section-height-default elementor-section-height-default\" data-id=\"6c7bc6a\" data-element_type=\"section\">\n\t\t\t\t\t\t<div class=\"elementor-container elementor-column-gap-default\">\n\t\t\t\t\t<div class=\"elementor-column elementor-col-100 elementor-top-column elementor-element elementor-element-5def4ed\" data-id=\"5def4ed\" data-element_type=\"column\">\n\t\t\t<div class=\"elementor-widget-wrap\">\n\t\t\t\t\t\t\t<\/div>\n\t\t<\/div>\n\t\t\t\t\t<\/div>\n\t\t<\/section>\n\t\t\t\t<section class=\"elementor-section elementor-top-section elementor-element elementor-element-4bf9610 elementor-section-boxed elementor-section-height-default elementor-section-height-default\" data-id=\"4bf9610\" data-element_type=\"section\">\n\t\t\t\t\t\t<div class=\"elementor-container elementor-column-gap-default\">\n\t\t\t\t\t<div class=\"elementor-column elementor-col-33 elementor-top-column elementor-element elementor-element-b92906d\" data-id=\"b92906d\" data-element_type=\"column\">\n\t\t\t<div class=\"elementor-widget-wrap elementor-element-populated\">\n\t\t\t\t\t\t<div class=\"elementor-element elementor-element-6dfd362 elementor-widget__width-auto elementor-widget elementor-widget-image\" data-id=\"6dfd362\" data-element_type=\"widget\" data-widget_type=\"image.default\">\n\t\t\t\t<div class=\"elementor-widget-container\">\n\t\t\t\t\t\t\t\t\t\t\t\t\t\t\t<img decoding=\"async\" src=\"https:\/\/gestarse.org\/staging\/wp-content\/uploads\/2020\/10\/shutterstock_28559381-1.jpg\" title=\"shutterstock_28559381\" alt=\"shutterstock_28559381\" loading=\"lazy\" \/>\t\t\t\t\t\t\t\t\t\t\t\t\t\t\t<\/div>\n\t\t\t\t<\/div>\n\t\t\t\t\t<\/div>\n\t\t<\/div>\n\t\t\t\t<div class=\"elementor-column elementor-col-66 elementor-top-column elementor-element elementor-element-df574e5\" data-id=\"df574e5\" data-element_type=\"column\">\n\t\t\t<div class=\"elementor-widget-wrap elementor-element-populated\">\n\t\t\t\t\t\t<div class=\"elementor-element elementor-element-b68b943 elementor-widget elementor-widget-text-editor\" data-id=\"b68b943\" data-element_type=\"widget\" data-widget_type=\"text-editor.default\">\n\t\t\t\t<div class=\"elementor-widget-container\">\n\t\t\t\t\t\t\t\t\t<ul><li>Agencia Alemana de Cooperaci\u00f3n T\u00e9cnica (GIZ).<\/li><li>Agencia de Viajes Horizontes.<\/li><li>Banco Interamericano de Desarrollo (BID).<\/li><li>Banco LAFISE Bancentro, Nicaragua.<\/li><li>BID Invest.<\/li><li>Business for Social Responsibility (BSR).<\/li><li>C\u00e1mara de Comercio de Costa Rica.<\/li><li>Cemex de Costa Rica.<\/li><li>Chiquita Brands International.<\/li><li>Colegio de Profesionales en Psicolog\u00eda de Costa Rica.<\/li><li>Compa\u00f1\u00eda Naviera Great White Fleet (GWF).<\/li><li>Estrategias Sostenibles de Guatemala.<\/li><li>Fundaci\u00f3n Empresarial para la Acci\u00f3n Social (FUNDEMAS). El Salvador.<\/li><li>FYFFES.<\/li><li>GreenLAC.<\/li><li>Liga Agr\u00edcola Industrial de la Ca\u00f1a de Az\u00facar (LAICA).<\/li><li>Oficina de Bienestar y Salud de la Universidad de Costa Rica.<\/li><li>Oficina Nacional Forestal (ONF).<\/li><li>Organizaci\u00f3n de las Naciones Unidas para la Alimentaci\u00f3n y la Agricultura (FAO), Roma.<\/li><li>Promotora de Comercio Exterior (PROCOMER).<\/li><li>Root Capital.<\/li><li>Sociedad Calificadora de Riesgo Centroamericana S.A. (SCRIESGO).<\/li><li>Soluciones Integrales en Desarrollo Sostenible, DESUS. M\u00e9xico.<\/li><li>United Nations Educational, Scientific and Cultural Organization\u00a0(UNESCO), Regional Office for Science and Technology in Africa.<\/li><li>Universidad Latinoamericana de Ciencia y Tecnolog\u00eda (ULACIT).<\/li><\/ul>\t\t\t\t\t\t\t\t<\/div>\n\t\t\t\t<\/div>\n\t\t\t\t\t<\/div>\n\t\t<\/div>\n\t\t\t\t\t<\/div>\n\t\t<\/section>\n\t\t\t\t<section class=\"elementor-section elementor-top-section elementor-element elementor-element-4558ed1 elementor-section-boxed elementor-section-height-default elementor-section-height-default\" data-id=\"4558ed1\" data-element_type=\"section\">\n\t\t\t\t\t\t<div class=\"elementor-container elementor-column-gap-default\">\n\t\t\t\t\t<div class=\"elementor-column elementor-col-100 elementor-top-column elementor-element elementor-element-77b4941\" data-id=\"77b4941\" data-element_type=\"column\">\n\t\t\t<div class=\"elementor-widget-wrap elementor-element-populated\">\n\t\t\t\t\t\t<div class=\"elementor-element elementor-element-ac79773 elementor-widget elementor-widget-spacer\" data-id=\"ac79773\" data-element_type=\"widget\" data-widget_type=\"spacer.default\">\n\t\t\t\t<div class=\"elementor-widget-container\">\n\t\t\t\t\t\t\t<div class=\"elementor-spacer\">\n\t\t\t<div class=\"elementor-spacer-inner\"><\/div>\n\t\t<\/div>\n\t\t\t\t\t\t<\/div>\n\t\t\t\t<\/div>\n\t\t\t\t\t<\/div>\n\t\t<\/div>\n\t\t\t\t\t<\/div>\n\t\t<\/section>\n\t\t\t\t<\/div>\n\t\t","protected":false},"excerpt":{"rendered":"<p>Algunos de nuestros clientes son: Agencia Alemana de Cooperaci\u00f3n T\u00e9cnica (GIZ). Agencia de Viajes Horizontes. Banco Interamericano de Desarrollo (BID). Banco LAFISE Bancentro, Nicaragua. BID Invest. Business for Social Responsibility (BSR). C\u00e1mara de Comercio de Costa Rica. Cemex de Costa Rica. Chiquita Brands International. Colegio de Profesionales en Psicolog\u00eda de Costa Rica. Compa\u00f1\u00eda Naviera Great [&hellip;]<\/p>\n","protected":false},"author":1,"featured_media":0,"parent":117,"menu_order":-1,"comment_status":"closed","ping_status":"closed","template":"","meta":{"ocean_post_layout":"full-width","ocean_both_sidebars_style":"","ocean_both_sidebars_content_width":0,"ocean_both_sidebars_sidebars_width":0,"ocean_sidebar":"0","ocean_second_sidebar":"0","ocean_disable_margins":"enable","ocean_add_body_class":"","ocean_shortcode_before_top_bar":"","ocean_shortcode_after_top_bar":"","ocean_shortcode_before_header":"","ocean_shortcode_after_header":"","ocean_has_shortcode":"","ocean_shortcode_after_title":"","ocean_shortcode_before_footer_widgets":"","ocean_shortcode_after_footer_widgets":"","ocean_shortcode_before_footer_bottom":"","ocean_shortcode_after_footer_bottom":"","ocean_display_top_bar":"default","ocean_display_header":"default","ocean_header_style":"","ocean_center_header_left_menu":"0","ocean_custom_header_template":"0","ocean_custom_logo":0,"ocean_custom_retina_logo":0,"ocean_custom_logo_max_width":0,"ocean_custom_logo_tablet_max_width":0,"ocean_custom_logo_mobile_max_width":0,"ocean_custom_logo_max_height":0,"ocean_custom_logo_tablet_max_height":0,"ocean_custom_logo_mobile_max_height":0,"ocean_header_custom_menu":"0","ocean_menu_typo_font_family":"0","ocean_menu_typo_font_subset":"","ocean_menu_typo_font_size":0,"ocean_menu_typo_font_size_tablet":0,"ocean_menu_typo_font_size_mobile":0,"ocean_menu_typo_font_size_unit":"px","ocean_menu_typo_font_weight":"","ocean_menu_typo_font_weight_tablet":"","ocean_menu_typo_font_weight_mobile":"","ocean_menu_typo_transform":"","ocean_menu_typo_transform_tablet":"","ocean_menu_typo_transform_mobile":"","ocean_menu_typo_line_height":0,"ocean_menu_typo_line_height_tablet":0,"ocean_menu_typo_line_height_mobile":0,"ocean_menu_typo_line_height_unit":"","ocean_menu_typo_spacing":0,"ocean_menu_typo_spacing_tablet":0,"ocean_menu_typo_spacing_mobile":0,"ocean_menu_typo_spacing_unit":"","ocean_menu_link_color":"","ocean_menu_link_color_hover":"","ocean_menu_link_color_active":"","ocean_menu_link_background":"","ocean_menu_link_hover_background":"","ocean_menu_link_active_background":"","ocean_menu_social_links_bg":"","ocean_menu_social_hover_links_bg":"","ocean_menu_social_links_color":"","ocean_menu_social_hover_links_color":"","ocean_disable_title":"enable","ocean_disable_heading":"default","ocean_post_title":"","ocean_post_subheading":"","ocean_post_title_style":"","ocean_post_title_background_color":"","ocean_post_title_background":0,"ocean_post_title_bg_image_position":"","ocean_post_title_bg_image_attachment":"","ocean_post_title_bg_image_repeat":"","ocean_post_title_bg_image_size":"","ocean_post_title_height":0,"ocean_post_title_bg_overlay":0.5,"ocean_post_title_bg_overlay_color":"","ocean_disable_breadcrumbs":"default","ocean_breadcrumbs_color":"","ocean_breadcrumbs_separator_color":"","ocean_breadcrumbs_links_color":"","ocean_breadcrumbs_links_hover_color":"","ocean_display_footer_widgets":"default","ocean_display_footer_bottom":"default","ocean_custom_footer_template":"0","footnotes":""},"class_list":["post-698","page","type-page","status-publish","hentry","entry"],"_links":{"self":[{"href":"https:\/\/gestarse.org\/staging\/wp-json\/wp\/v2\/pages\/698","targetHints":{"allow":["GET"]}}],"collection":[{"href":"https:\/\/gestarse.org\/staging\/wp-json\/wp\/v2\/pages"}],"about":[{"href":"https:\/\/gestarse.org\/staging\/wp-json\/wp\/v2\/types\/page"}],"author":[{"embeddable":true,"href":"https:\/\/gestarse.org\/staging\/wp-json\/wp\/v2\/users\/1"}],"replies":[{"embeddable":true,"href":"https:\/\/gestarse.org\/staging\/wp-json\/wp\/v2\/comments?post=698"}],"version-history":[{"count":9,"href":"https:\/\/gestarse.org\/staging\/wp-json\/wp\/v2\/pages\/698\/revisions"}],"predecessor-version":[{"id":803,"href":"https:\/\/gestarse.org\/staging\/wp-json\/wp\/v2\/pages\/698\/revisions\/803"}],"up":[{"embeddable":true,"href":"https:\/\/gestarse.org\/staging\/wp-json\/wp\/v2\/pages\/117"}],"wp:attachment":[{"href":"https:\/\/gestarse.org\/staging\/wp-json\/wp\/v2\/media?parent=698"}],"curies":[{"name":"wp","href":"https:\/\/api.w.org\/{rel}","templated":true}]}}